{"id":77,"date":"2023-10-13T13:27:01","date_gmt":"2023-10-13T13:27:01","guid":{"rendered":"https:\/\/tct.travelblox.eu\/?page_id=77"},"modified":"2025-12-16T16:11:07","modified_gmt":"2025-12-16T16:11:07","slug":"a-propos-de-nous","status":"publish","type":"page","link":"https:\/\/tct.travelblox.eu\/fr\/a-propos-de-nous\/","title":{"rendered":"\u00c0 propos de nous"},"content":{"rendered":"<div class=\"tb-header tb-block align-center background-dark pattern-none variant-none\" id=\"header\" data-fallback-background=\"https:\/\/tct.travelblox.eu\/wp-content\/uploads\/sites\/51\/2023\/10\/139.jpg\" style=\"background-image: url('https:\/\/tct.travelblox.eu\/wp-content\/uploads\/sites\/51\/2023\/10\/139.jpg'); background-position:;\">\n    <div class=\"tb-header-foreground\">\n        <div class=\"inner-block\">\n\n            <div class=\"main-part\">\n                <div class=\"text-part\">\n                                                                <h1 class=\"tb-title\">Ravis de vous rencontrer !<\/h1>\n                                                                                                                                                                <\/div>\n            <\/div>\n            \n                    <\/div>\n    <\/div>\n\n    \n    \n<\/div>\n\n\n<div class=\"tb-textimage2 tb-block align-left background-light pattern-none variant-text_first tb-collapsible-margins\" id=\"textimage2\">\n\t<div class=\"inner-block tb-fade-in\">\n\n\t\t\n\t\t<div class=\"tb-columns\">\n\t\t\t<div class=\"tb-column\">\n\t\t\t\t<div class=\"tb-text-part\">\n\t\t\t\t\t<h2>Le Cano\u00eb Trip<\/h2>\n\t\t\t\t\t\t\t<div class=\"translation-block\"><p><strong>Depuis 2017<\/strong>, le Cano\u00eb Trip vous propose une exp\u00e9rience en pleine nature su\u00e9doise dans la r\u00e9gion de <strong>Nordmarken<\/strong>, l'un des plus anciens sites de cano\u00eb du pays.. Chaque \u00e9t\u00e9, nous organisons cette aventure avec la volont\u00e9 d\u2019offrir une vraie pause loin du quotidien.<\/p><p><strong>Pendant 8 jours (ou 3 jours si vous pr\u00e9f\u00e9rez une version plus courte)<\/strong>, vous pagaierez \u00e0 travers des lacs et \u00eeles dans une r\u00e9gion que nous avons choisie pour la beaut\u00e9 de ses paysages. Sans pr\u00e9tendre \u00e0 l\u2019extraordinaire, nous vous garantissons une aventure simple, authentique et ressour\u00e7ante.<\/p><p>Pour vous permettre de profiter pleinement de votre s\u00e9jour, nous nous occupons de tout pour que vous puissiez voyager sans souci : transport, \u00e9quipement, instructions sur place, et m\u00eame vos repas si vous le souhaitez.<\/p><p><strong>Un moment d\u2019\u00e9vasion en toute simplicit\u00e9, pour vous reconnecter \u00e0 la nature.<\/strong><\/p><\/div>\n\t\t\t\t\t\t\t\t\t\t\t<div class=\"tb-buttons-part\">\n\t\t\t\t\t\t\t\t<a href=\"https:\/\/lecanoetrip.com\/fr\/#join\"  target=\"\" class=\"tb-button\">\n\t\t\tRejoignez l'aventure\t\t<\/a>\n\t\t\t\t\t\t\t\t\t\t\t\t\t<\/div>\n\t\t\t\t<\/div>\n\t\t\t<\/div>\n\t\t\t<div class=\"tb-column\">\n\t\t\t\t\t\t\t\t\t\t\t\t\t\t\t<div class=\"tb-image-part\">\n\t\t\t\t\t\t\t\t\t\t\t<div class=\"inner-block-full-width has-tb-carousel tb-carousel-slider\" >\n\t\t\t<div class=\"tb-carousel-container\">\n\t\t\t\t<div class=\"entries tb-cards\" data-slider-first=\"0\">\n\t\t\t\t\t\t\t\t\t<div class=\"entry\">\n\t\t\t\t<div class=\"tb-image-part\">\n\t\t\t\t\t<figure>\n\t\t\t\t\t\t<img src='https:\/\/tct.travelblox.eu\/wp-content\/uploads\/sites\/51\/2024\/08\/TCT24_MichielAnnaert_HR-63-min-768x960.jpg' width='768' height='960' alt='Faire du cano\u00eb au coucher du soleil.' loading='lazy' image_size='medium_large'>\t\t\t\t\t\t\t\t\t\t\t\t\t\t\t\t\t\t\t\t\t\t\t\t\t\t\t\t\t\t\t<\/figure>\n\t\t\t\t<\/div>\n\t\t\t<\/div>\n\t\t\t\t\t<div class=\"entry\">\n\t\t\t\t<div class=\"tb-image-part\">\n\t\t\t\t\t<figure>\n\t\t\t\t\t\t<img src='https:\/\/tct.travelblox.eu\/wp-content\/uploads\/sites\/51\/2023\/10\/TCT23_Stijn-Veldhuizen-121-768x512.jpg' width='768' height='512' alt='Deux amis heureux faisant le Canoe Trip kanotocht en Su\u00e8de.' loading='lazy' image_size='medium_large'>\t\t\t\t\t\t\t\t\t\t\t\t\t\t\t\t\t\t\t\t\t\t\t\t\t\t\t\t\t\t\t<\/figure>\n\t\t\t\t<\/div>\n\t\t\t<\/div>\n\t\t\t\t\t<div class=\"entry\">\n\t\t\t\t<div class=\"tb-image-part\">\n\t\t\t\t\t<figure>\n\t\t\t\t\t\t<img src='https:\/\/tct.travelblox.eu\/wp-content\/uploads\/sites\/51\/2024\/10\/TCT24_AxelCoquemon_WEB-28-1-768x575.jpg' width='768' height='575' alt='Vue a\u00e9rienne de Dalsland avec un drone.' loading='lazy' image_size='medium_large'>\t\t\t\t\t\t\t\t\t\t\t\t\t\t\t\t\t\t\t\t\t\t\t\t\t\t\t\t<figcaption class=\"tb-figcaption\">default<\/figcaption>\n\t\t\t\t\t\t\t\t\t\t\t\t\t\t\t\t\t\t<\/figure>\n\t\t\t\t<\/div>\n\t\t\t<\/div>\n\t\t\t\t\t<div class=\"entry\">\n\t\t\t\t<div class=\"tb-image-part\">\n\t\t\t\t\t<figure>\n\t\t\t\t\t\t<img src='https:\/\/tct.travelblox.eu\/wp-content\/uploads\/sites\/51\/2023\/10\/TCT_2023_Francois_LR-212-e1698067433549-768x607.jpg' width='768' height='607' alt='Ranger' loading='lazy' image_size='medium_large'>\t\t\t\t\t\t\t\t\t\t\t\t\t\t\t\t\t\t\t\t\t\t\t\t\t\t\t\t\t\t\t<\/figure>\n\t\t\t\t<\/div>\n\t\t\t<\/div>\n\t\t\t\t\t\t\t\t<\/div>\n\t\t\t\t\t\t<div class=\"tb-carousel-nav\">\n\t\t\t<div class=\"dots\">\n\t\t\t\t<div class=\"dot active\"><\/div>\n\t\t\t\t<div class=\"dot\"><\/div>\n\t\t\t\t<div class=\"dot\"><\/div>\n\t\t\t<\/div>\n\t\t\t<div class=\"arrows\">\n\t\t\t\t<div class=\"prev disabled\">\n\t\t\t\t\t<span><i class=\"fa fa-chevron-left\"><\/i><\/span>\n\t\t\t\t<\/div>\n\t\t\t\t<div class=\"next\">\n\t\t\t\t\t<span><i class=\"fa fa-chevron-right\"><\/i><\/span>\n\t\t\t\t<\/div>\n\t\t\t<\/div>\n\t\t<\/div>\n\t\t\t\t<\/div>\n\t\t<\/div>\n\t\t\t\t\t\t\t\t<\/div>\n\t\t\t\t\t\t\t\t\t\t\t\t<\/div>\n\t\t<\/div>\n\t<\/div>\n<\/div>\n\n\n<div class=\"tb-team tb-block align-center background-dark pattern-default variant-none tb-collapsible-margins\" id=\"team\">\n\t<div class=\"inner-block tb-fade-in tb-fade-in--subtle\">\n\t\t<div class=\"text-part\">\n\t\t\t<h2>L'\u00e9quipe<\/h2>\n\t\t\t\t\t<div class=\"translation-block\"><p>Notre \u00e9quipe est compos\u00e9e d'aventuriers passionn\u00e9s de voyages. En collaboration avec nos partenaires locaux en Su\u00e8de, nous travaillons toute l\u2019ann\u00e9e sur le Cano\u00eb Trip pour vous faire vivre une exp\u00e9rience unique qui, nous l\u2019esp\u00e9rons, restera grav\u00e9e dans votre m\u00e9moire !<\/p><\/div>\n\t\t\t<\/div>\n\t<\/div>\n\t\t\t\t\t<div class=\"inner-block-full-width has-tb-carousel\" >\n\t\t\t<div class=\"tb-carousel-container\">\n\t\t\t\t<div class=\"entries tb-cards\" data-slider-first=\"1\">\n\t\t\t\t\t\t\t\t\t<div class=\"tb-card entry\" style=\"background-image: url('https:\/\/tct.travelblox.eu\/wp-content\/uploads\/sites\/51\/2023\/10\/DSC07847-e1697791715283-839x1024.jpg')\">\n\t\t\t\t<label for=\"tb-team-read-more-block_s51__p77__team-0\" class=\"tb-team__card-label\">\n\t\t\t\t\t<div class=\"overlay\"><\/div>\n\t\t\t\t\t<div class=\"overlay overlay--extra\"><\/div>\n\t\t\t\t\t<div class=\"content\">\n\t\t\t\t\t\t<div class=\"tb-team__card-titles\">\n\t\t\t\t\t\t\t<h3>Kerstin<\/h3>\n\t\t\t\t\t\t\t\t\t\t\t\t\t\t\t<p>Je m'occupe de tous les aspects pratiques de votre voyages<\/p>\n\t\t\t\t\t\t\t\t\t\t\t\t\t<\/div>\n\t\t\t\t\t\t\t\t\t\t\t\t\t<div class=\"extra-content\">\n\t\t\t\t\t\t\t\t<p>Dans la nature, je me sens chez moi. En \u00e9t\u00e9, tu me trouveras dans un cano\u00eb, sur une planche de surf ou en train de sauter dans les montagnes. En hiver, je d\u00e9vale les pentes sur mon snowboard.<\/p>\n\t\t\t\t\t\t\t<\/div>\n\t\t\t\t\t\t\t\t\t\t\t<\/div>\n\t\t\t\t\t<input type=\"checkbox\" class=\"tb-team__card-checkbox\" id=\"tb-team-read-more-block_s51__p77__team-0\">\n\t\t\t\t<\/label>\n\t\t\t<\/div>\n\t\t\t\t\t<div class=\"tb-card entry\" style=\"background-image: url('https:\/\/tct.travelblox.eu\/wp-content\/uploads\/sites\/51\/2024\/11\/ThomasD-scaled-e1733151947223-1024x998.jpg')\">\n\t\t\t\t<label for=\"tb-team-read-more-block_s51__p77__team-1\" class=\"tb-team__card-label\">\n\t\t\t\t\t<div class=\"overlay\"><\/div>\n\t\t\t\t\t<div class=\"overlay overlay--extra\"><\/div>\n\t\t\t\t\t<div class=\"content\">\n\t\t\t\t\t\t<div class=\"tb-team__card-titles\">\n\t\t\t\t\t\t\t<h3>Thomas<\/h3>\n\t\t\t\t\t\t\t\t\t\t\t\t\t\t\t<p>Je photographie et filme nos aventures en cano\u00eb<\/p>\n\t\t\t\t\t\t\t\t\t\t\t\t\t<\/div>\n\t\t\t\t\t\t\t\t\t\t\t\t\t<div class=\"extra-content\">\n\t\t\t\t\t\t\t\t<p>Je suis toujours \u00e0 la recherche de beaux paysages. Donne-moi un appareil photo et je garderai des souvenirs pour toujours. La nature et les magnifiques couchers de soleil sont mes pr\u00e9f\u00e9r\u00e9s.<\/p>\n\t\t\t\t\t\t\t<\/div>\n\t\t\t\t\t\t\t\t\t\t\t<\/div>\n\t\t\t\t\t<input type=\"checkbox\" class=\"tb-team__card-checkbox\" id=\"tb-team-read-more-block_s51__p77__team-1\">\n\t\t\t\t<\/label>\n\t\t\t<\/div>\n\t\t\t\t\t<div class=\"tb-card entry\" style=\"background-image: url('https:\/\/tct.travelblox.eu\/wp-content\/uploads\/sites\/51\/2024\/11\/LucaM-scaled-e1733152070528-1016x1024.jpg')\">\n\t\t\t\t<label for=\"tb-team-read-more-block_s51__p77__team-2\" class=\"tb-team__card-label\">\n\t\t\t\t\t<div class=\"overlay\"><\/div>\n\t\t\t\t\t<div class=\"overlay overlay--extra\"><\/div>\n\t\t\t\t\t<div class=\"content\">\n\t\t\t\t\t\t<div class=\"tb-team__card-titles\">\n\t\t\t\t\t\t\t<h3>Luca<\/h3>\n\t\t\t\t\t\t\t\t\t\t\t\t\t\t\t<p>Je suis le responsable d'Outpost North<\/p>\n\t\t\t\t\t\t\t\t\t\t\t\t\t<\/div>\n\t\t\t\t\t\t\t\t\t\t\t\t\t<div class=\"extra-content\">\n\t\t\t\t\t\t\t\t<p>En Su\u00e8de, mon pays d'origine, je profite de la libert\u00e9 et de la nature. Que ce soit en faisant du VTT, de l'escalade ou de la randonn\u00e9e, je capture la beaut\u00e9 du paysage avec mon appareil photo.<\/p>\n\t\t\t\t\t\t\t<\/div>\n\t\t\t\t\t\t\t\t\t\t\t<\/div>\n\t\t\t\t\t<input type=\"checkbox\" class=\"tb-team__card-checkbox\" id=\"tb-team-read-more-block_s51__p77__team-2\">\n\t\t\t\t<\/label>\n\t\t\t<\/div>\n\t\t\t\t\t<div class=\"tb-card entry\" style=\"background-image: url('https:\/\/tct.travelblox.eu\/wp-content\/uploads\/sites\/51\/2024\/11\/TessaV_1-scaled-e1733151970616-1024x996.jpg')\">\n\t\t\t\t<label for=\"tb-team-read-more-block_s51__p77__team-3\" class=\"tb-team__card-label\">\n\t\t\t\t\t<div class=\"overlay\"><\/div>\n\t\t\t\t\t<div class=\"overlay overlay--extra\"><\/div>\n\t\t\t\t\t<div class=\"content\">\n\t\t\t\t\t\t<div class=\"tb-team__card-titles\">\n\t\t\t\t\t\t\t<h3>Tessa<\/h3>\n\t\t\t\t\t\t\t\t\t\t\t\t\t\t\t<p>Je suis l\u00e0 pour r\u00e9pondre \u00e0 toutes vos questions<\/p>\n\t\t\t\t\t\t\t\t\t\t\t\t\t<\/div>\n\t\t\t\t\t\t\t\t\t\t\t\t\t<div class=\"extra-content\">\n\t\t\t\t\t\t\t\t<p>Si tu me cherches, je suis dehors ! D\u00e8s que je peux, je mets mes chaussures de randonn\u00e9e et je pars \u00e0 l'aventure. Une tente est mon h\u00f4tel 5 \u00e9toiles. Avec un feu de camp cr\u00e9pitant, je me sens compl\u00e8tement apais\u00e9.<\/p>\n\t\t\t\t\t\t\t<\/div>\n\t\t\t\t\t\t\t\t\t\t\t<\/div>\n\t\t\t\t\t<input type=\"checkbox\" class=\"tb-team__card-checkbox\" id=\"tb-team-read-more-block_s51__p77__team-3\">\n\t\t\t\t<\/label>\n\t\t\t<\/div>\n\t\t\t\t\t<div class=\"tb-card entry\" style=\"background-image: url('https:\/\/tct.travelblox.eu\/wp-content\/uploads\/sites\/51\/2024\/10\/349A0082_1_11zon-scaled-e1733152022252-1024x872.jpg')\">\n\t\t\t\t<label for=\"tb-team-read-more-block_s51__p77__team-4\" class=\"tb-team__card-label\">\n\t\t\t\t\t<div class=\"overlay\"><\/div>\n\t\t\t\t\t<div class=\"overlay overlay--extra\"><\/div>\n\t\t\t\t\t<div class=\"content\">\n\t\t\t\t\t\t<div class=\"tb-team__card-titles\">\n\t\t\t\t\t\t\t<h3>Julian<\/h3>\n\t\t\t\t\t\t\t\t\t\t\t\t\t\t\t<p>Je recrute et forme les rangers du Cano\u00eb Trip<\/p>\n\t\t\t\t\t\t\t\t\t\t\t\t\t<\/div>\n\t\t\t\t\t\t\t\t\t\t\t\t\t<div class=\"extra-content\">\n\t\t\t\t\t\t\t\t<p>Je suis souvent en Su\u00e8de, mon pays pr\u00e9f\u00e9r\u00e9. Savais-tu que j'ai aussi \u00e9t\u00e9 ranger pour The Canoe Trip ? Pagayer est ma passion et je suis toujours \u00e0 la recherche de nouvelles aventures.<\/p>\n\t\t\t\t\t\t\t<\/div>\n\t\t\t\t\t\t\t\t\t\t\t<\/div>\n\t\t\t\t\t<input type=\"checkbox\" class=\"tb-team__card-checkbox\" id=\"tb-team-read-more-block_s51__p77__team-4\">\n\t\t\t\t<\/label>\n\t\t\t<\/div>\n\t\t\t\t\t\t\t\t<\/div>\n\t\t\t\t\t\t<div class=\"tb-carousel-nav\">\n\t\t\t<div class=\"dots\">\n\t\t\t\t<div class=\"dot active\"><\/div>\n\t\t\t\t<div class=\"dot\"><\/div>\n\t\t\t\t<div class=\"dot\"><\/div>\n\t\t\t<\/div>\n\t\t\t<div class=\"arrows\">\n\t\t\t\t<div class=\"prev disabled\">\n\t\t\t\t\t<span><i class=\"fa fa-chevron-left\"><\/i><\/span>\n\t\t\t\t<\/div>\n\t\t\t\t<div class=\"next\">\n\t\t\t\t\t<span><i class=\"fa fa-chevron-right\"><\/i><\/span>\n\t\t\t\t<\/div>\n\t\t\t<\/div>\n\t\t<\/div>\n\t\t\t\t<\/div>\n\t\t<\/div>\n\t\t\t\t\t<div class=\"tb-team__extra inner-block tb-fade-in tb-fade-in--subtle\">\n\t\t\t<div class=\"text-part\">\n\t\t\t\t<h3>Une question \u00e0 propos de votre voyage ?<\/h3>\n\t\t\t\t\t\t<div class=\"translation-block\"><p>N'h\u00e9sitez pas \u00e0 nous envoyer un e-mail, nous serons heureux de t'aider !<\/p><\/div>\n\t\t\t\t\t<div class=\"tb-buttons-part\">\n\t\t\t\t\t\t\t<a href=\"mailto:info@lecanoetrip.com\"  target=\"_blank\" class=\"tb-button\">\n\t\t\tNous contacter\t\t<\/a>\n\t\t\t\t\t\t<\/div>\n\t\t\t<\/div>\n\t\t<\/div>\n\t<\/div>\n\n\n<div class=\"tb-leadtext tb-block align-center background-light pattern-none variant-none tb-collapsible-margins\" id=\"leadtext\">\n\t<div class=\"inner-block tb-fade-in tb-fade-in--subtle\">\n\t\t<div class=\"text-part\">\n\t\t\t\t\t<div class=\"translation-block\"><p>Le Cano\u00eb Trip est un concept de <a href=\"http:\/\/www.travelbase.eu\/?_gl=1*g7e588*_ga*ODU1NjQ3NzA4LjE2NTQ3NzAzNzk.*_ga_3NV9EKW7XY*MTY5NzIwMzEwMi4yNTEuMS4xNjk3MjAzMTA2LjU2LjAuMA...*_ga_MNM1Z0RZ2L*MTY5NzIwMzEwMi4yODQuMS4xNjk3MjAzMTA2LjAuMC4w\" target=\"_blank\"><strong>Travelbase<\/strong><\/a>, un groupe de voyage en pleine croissance avec plus de <strong>20 marques de voyage uniques<\/strong> et <strong>communaut\u00e9s<\/strong>. Depuis 2010, nous concevons des exp\u00e9riences exceptionnelles, principalement en Europe.<\/p><p>Chez Travelbase, l'accent est toujours mis sur le voyage plut\u00f4t que sur la destination. Nous aimons vous faire sortir de votre zone de confort pour repousser vos limites et vous rapprocher de la nature et des gens qui vous entourent.<\/p><\/div>\n\t\t\t<\/div>\n\t<\/div>\n<\/div>\n\n\n\n\n\n\n<div class=\"tb-similartrips tb-block align-center background-light pattern-none variant-none tb-collapsible-margins\" id=\"similartrips\">\n\t\t\t<div class=\"inner-block tb-fade-in tb-fade-in--subtle\">\n\t\t\t<div class=\"text-part\">\n\t\t\t\t\t\t\t\t\t<h2>D\u00e9couvrez quelques-uns de nos autres concepts<\/h2>\n\t\t\t\t\t\t\t\t\t\t\t<\/div>\n\t\t<\/div>\n\t\t\t\t\t\t<div class=\"inner-block-full-width has-tb-carousel\" >\n\t\t\t<div class=\"tb-carousel-container\">\n\t\t\t\t<div class=\"entries tb-cards\" data-slider-first=\"1\">\n\t\t\t\t\t\t\t\t\t<a href=\"https:\/\/travelbase.eu\/trip\/the-packraft-trail-ardennen\/\"  target=\"_blank\" class=\"tb-card entry\">\n\t\t\t\t<div class=\"tb-image-part\">\n\t\t\t\t\t\t\t\t\t\t\t<img src='https:\/\/tct.travelblox.eu\/wp-content\/uploads\/sites\/51\/2023\/12\/Packraft-Trail-10-scaled-e1701772197341-768x835.jpg' width='768' height='835' alt='Sentier de packraft dans les Ardennes' loading='lazy' image_size='medium_large'>\t\t\t\t\t\t\t\t\t\t\t\t\t\t\t\t\t\t\t\t\t\t\t\t<\/div>\n\t\t\t\t<div class=\"tb-card-content\">\n\t\t\t\t\t<h4>\n\t\t\t\t\t\t<span>Le Packraft Trail<\/span>\n\t\t\t\t\t\t\t\t\t\t\t<\/h4>\n\t\t\t\t\t\t\t\t\t\t\t<div class=\"line\">\n\t\t\t\t\t\t\t\t\t\t\t\t\t\t\t<span class=\"location tb-text-with-icon icon-first\">\n\t\t\t\t\t\t\t\t\t<i class=\"icon fa fa-map-marker\"><\/i>\n\t\t\t\t\t\t\t\t\t<span>Ardennes<\/span>\n\t\t\t\t\t\t\t\t<\/span>\n\t\t\t\t\t\t\t\t\t\t\t\t\t\t\t\t\t\t\t\t\t\t<span class=\"duration tb-text-with-icon icon-first\">\n\t\t\t\t\t\t\t\t\t<i class=\"icon fa fa-clock\"><\/i>\n\t\t\t\t\t\t\t\t\t<span>2 jours<\/span>\n\t\t\t\t\t\t\t\t<\/span>\n\t\t\t\t\t\t\t\t\t\t\t\t\t<\/div>\n\t\t\t\t\t\t\t\t\t\t\t\t\t\t<\/div>\n\t\t\t<\/a>\n\t\t\t\t\t<a href=\"https:\/\/travelbase.eu\/trip\/kayak-trip-noorwegen\/\"  target=\"_blank\" class=\"tb-card entry\">\n\t\t\t\t<div class=\"tb-image-part\">\n\t\t\t\t\t\t\t\t\t\t\t<img src='https:\/\/tct.travelblox.eu\/wp-content\/uploads\/sites\/51\/2025\/06\/TKT23_MICHIELANNAERT_HR-98-2-768x512.jpg' width='768' height='512' alt='le voyage en kayak' loading='lazy' image_size='medium_large'>\t\t\t\t\t\t\t\t\t\t\t\t\t\t\t\t\t\t\t\t\t\t\t\t<\/div>\n\t\t\t\t<div class=\"tb-card-content\">\n\t\t\t\t\t<h4>\n\t\t\t\t\t\t<span>Le Kayak Trip<\/span>\n\t\t\t\t\t\t\t\t\t\t\t<\/h4>\n\t\t\t\t\t\t\t\t\t\t\t<div class=\"line\">\n\t\t\t\t\t\t\t\t\t\t\t\t\t\t\t<span class=\"location tb-text-with-icon icon-first\">\n\t\t\t\t\t\t\t\t\t<i class=\"icon fa fa-map-marker\"><\/i>\n\t\t\t\t\t\t\t\t\t<span>Norv\u00e8ge<\/span>\n\t\t\t\t\t\t\t\t<\/span>\n\t\t\t\t\t\t\t\t\t\t\t\t\t\t\t\t\t\t\t\t\t\t<span class=\"duration tb-text-with-icon icon-first\">\n\t\t\t\t\t\t\t\t\t<i class=\"icon fa fa-clock\"><\/i>\n\t\t\t\t\t\t\t\t\t<span>8 jours<\/span>\n\t\t\t\t\t\t\t\t<\/span>\n\t\t\t\t\t\t\t\t\t\t\t\t\t<\/div>\n\t\t\t\t\t\t\t\t\t\t\t\t\t\t<\/div>\n\t\t\t<\/a>\n\t\t\t\t\t<a href=\"https:\/\/travelbase.fr\/trip\/nordic-nomads-roadtrip-islande\/\"  target=\"_blank\" class=\"tb-card entry\">\n\t\t\t\t<div class=\"tb-image-part\">\n\t\t\t\t\t\t\t\t\t\t\t<img src='https:\/\/tct.travelblox.eu\/wp-content\/uploads\/sites\/51\/2025\/06\/noo-768x575-1.jpg' width='768' height='575' alt='iceland nomads' loading='lazy' image_size='medium_large'>\t\t\t\t\t\t\t\t\t\t\t\t\t\t\t\t\t\t\t\t\t\t\t\t<\/div>\n\t\t\t\t<div class=\"tb-card-content\">\n\t\t\t\t\t<h4>\n\t\t\t\t\t\t<span>Roadtrip en Islande<\/span>\n\t\t\t\t\t\t\t\t\t\t\t<\/h4>\n\t\t\t\t\t\t\t\t\t\t\t<div class=\"line\">\n\t\t\t\t\t\t\t\t\t\t\t\t\t\t\t<span class=\"location tb-text-with-icon icon-first\">\n\t\t\t\t\t\t\t\t\t<i class=\"icon fa fa-map-marker\"><\/i>\n\t\t\t\t\t\t\t\t\t<span>Iceland<\/span>\n\t\t\t\t\t\t\t\t<\/span>\n\t\t\t\t\t\t\t\t\t\t\t\t\t\t\t\t\t\t\t\t\t\t<span class=\"duration tb-text-with-icon icon-first\">\n\t\t\t\t\t\t\t\t\t<i class=\"icon fa fa-clock\"><\/i>\n\t\t\t\t\t\t\t\t\t<span>8 jours<\/span>\n\t\t\t\t\t\t\t\t<\/span>\n\t\t\t\t\t\t\t\t\t\t\t\t\t<\/div>\n\t\t\t\t\t\t\t\t\t\t\t\t\t\t<\/div>\n\t\t\t<\/a>\n\t\t\t\t\t\t\t\t<\/div>\n\t\t\t\t\t\t<div class=\"tb-carousel-nav\">\n\t\t\t<div class=\"dots\">\n\t\t\t\t<div class=\"dot active\"><\/div>\n\t\t\t\t<div class=\"dot\"><\/div>\n\t\t\t\t<div class=\"dot\"><\/div>\n\t\t\t<\/div>\n\t\t\t<div class=\"arrows\">\n\t\t\t\t<div class=\"prev disabled\">\n\t\t\t\t\t<span><i class=\"fa fa-chevron-left\"><\/i><\/span>\n\t\t\t\t<\/div>\n\t\t\t\t<div class=\"next\">\n\t\t\t\t\t<span><i class=\"fa fa-chevron-right\"><\/i><\/span>\n\t\t\t\t<\/div>\n\t\t\t<\/div>\n\t\t<\/div>\n\t\t\t\t<\/div>\n\t\t<\/div>\n\t\t\t<\/div>","protected":false},"excerpt":{"rendered":"","protected":false},"author":15,"featured_media":439,"parent":0,"menu_order":0,"comment_status":"closed","ping_status":"closed","template":"","meta":{"_acf_changed":false,"inline_featured_image":false,"footnotes":""},"class_list":["post-77","page","type-page","status-publish","has-post-thumbnail","hentry"],"acf":{"page_package_ids":"","is_main_package_page":false,"additional_linked_packages":[],"feed_page_to_atlas":true},"_links":{"self":[{"href":"https:\/\/tct.travelblox.eu\/fr\/wp-json\/wp\/v2\/pages\/77","targetHints":{"allow":["GET"]}}],"collection":[{"href":"https:\/\/tct.travelblox.eu\/fr\/wp-json\/wp\/v2\/pages"}],"about":[{"href":"https:\/\/tct.travelblox.eu\/fr\/wp-json\/wp\/v2\/types\/page"}],"author":[{"embeddable":true,"href":"https:\/\/tct.travelblox.eu\/fr\/wp-json\/wp\/v2\/users\/15"}],"replies":[{"embeddable":true,"href":"https:\/\/tct.travelblox.eu\/fr\/wp-json\/wp\/v2\/comments?post=77"}],"version-history":[{"count":51,"href":"https:\/\/tct.travelblox.eu\/fr\/wp-json\/wp\/v2\/pages\/77\/revisions"}],"predecessor-version":[{"id":5074,"href":"https:\/\/tct.travelblox.eu\/fr\/wp-json\/wp\/v2\/pages\/77\/revisions\/5074"}],"wp:featuredmedia":[{"embeddable":true,"href":"https:\/\/tct.travelblox.eu\/fr\/wp-json\/wp\/v2\/media\/439"}],"wp:attachment":[{"href":"https:\/\/tct.travelblox.eu\/fr\/wp-json\/wp\/v2\/media?parent=77"}],"curies":[{"name":"wp","href":"https:\/\/api.w.org\/{rel}","templated":true}]}}