{"id":77,"date":"2023-10-13T13:27:01","date_gmt":"2023-10-13T13:27:01","guid":{"rendered":"https:\/\/tct.travelblox.eu\/?page_id=77"},"modified":"2025-12-16T16:11:07","modified_gmt":"2025-12-16T16:11:07","slug":"uber-uns","status":"publish","type":"page","link":"https:\/\/tct.travelblox.eu\/de\/uber-uns\/","title":{"rendered":"\u00dcber uns"},"content":{"rendered":"<div class=\"tb-header tb-block align-center background-dark pattern-none variant-none\" id=\"header\" data-fallback-background=\"https:\/\/tct.travelblox.eu\/wp-content\/uploads\/sites\/51\/2023\/10\/139.jpg\" style=\"background-image: url('https:\/\/tct.travelblox.eu\/wp-content\/uploads\/sites\/51\/2023\/10\/139.jpg'); background-position:;\">\n    <div class=\"tb-header-foreground\">\n        <div class=\"inner-block\">\n\n            <div class=\"main-part\">\n                <div class=\"text-part\">\n                                                                <h1 class=\"tb-title\">\u00dcber das Kanu Trip Team<\/h1>\n                                                                                                                                                                <\/div>\n            <\/div>\n            \n                    <\/div>\n    <\/div>\n\n    \n    \n<\/div>\n\n\n<div class=\"tb-textimage2 tb-block align-left background-light pattern-none variant-text_first tb-collapsible-margins\" id=\"textimage2\">\n\t<div class=\"inner-block tb-fade-in\">\n\n\t\t\n\t\t<div class=\"tb-columns\">\n\t\t\t<div class=\"tb-column\">\n\t\t\t\t<div class=\"tb-text-part\">\n\t\t\t\t\t<h2>Der Kanu Trip<\/h2>\n\t\t\t\t\t\t\t<div class=\"translation-block\"><p>Der Kanu Trip nimmt dich mit auf ein wunderbares Abenteuer die <strong>unber\u00fchrte schwedische Natur<\/strong> von Nordmarken, eines der \u00e4ltesten Kanureviere Schwedens. Der erste Kanu Trip fand 2017 statt, der seitdem jeden Sommer mit gro\u00dfer Begeisterung organisiert wird.<\/p><p>Unser Ziel ist es, jedem <strong>eine Abenteuerpause in der Natur<\/strong> zu erm\u00f6glichen. Deshalb haben wir die sch\u00f6nsten Pl\u00e4tze f\u00fcr eine wunderbare sieben- oder dreit\u00e4gige Kanutour ausgew\u00e4hlt. <strong>Entfliehe dem Alltag<\/strong> und der Hektik zu Hause und entspanne dich in der Ruhe der schwedischen Seen und W\u00e4lder. Verschiedene Routen f\u00fchren dich vorbei an den einzigartigsten Aussichten und Inseln.<\/p><p>Wir sorgen daf\u00fcr, dass du <strong>sorglos reisen<\/strong> kannst, denn Transport, Ausr\u00fcstung, Einweisung vor Ort und auf Wunsch auch dein Essen werden von uns organisiert.<\/p><\/div>\n\t\t\t\t\t\t\t\t\t\t\t<div class=\"tb-buttons-part\">\n\t\t\t\t\t\t\t\t<a href=\"http:\/\/derkanutrip.com\/de\/#join\"  target=\"\" class=\"tb-button\">\n\t\t\tErlebe das Abenteuer\t\t<\/a>\n\t\t\t\t\t\t\t\t\t\t\t\t\t<\/div>\n\t\t\t\t<\/div>\n\t\t\t<\/div>\n\t\t\t<div class=\"tb-column\">\n\t\t\t\t\t\t\t\t\t\t\t\t\t\t\t<div class=\"tb-image-part\">\n\t\t\t\t\t\t\t\t\t\t\t<div class=\"inner-block-full-width has-tb-carousel tb-carousel-slider\" >\n\t\t\t<div class=\"tb-carousel-container\">\n\t\t\t\t<div class=\"entries tb-cards\" data-slider-first=\"0\">\n\t\t\t\t\t\t\t\t\t<div class=\"entry\">\n\t\t\t\t<div class=\"tb-image-part\">\n\t\t\t\t\t<figure>\n\t\t\t\t\t\t<img src='https:\/\/tct.travelblox.eu\/wp-content\/uploads\/sites\/51\/2024\/08\/TCT24_MichielAnnaert_HR-63-min-768x960.jpg' width='768' height='960' alt='Kanufahren bei Sonnenuntergang' loading='lazy' image_size='medium_large'>\t\t\t\t\t\t\t\t\t\t\t\t\t\t\t\t\t\t\t\t\t\t\t\t\t\t\t\t\t\t\t<\/figure>\n\t\t\t\t<\/div>\n\t\t\t<\/div>\n\t\t\t\t\t<div class=\"entry\">\n\t\t\t\t<div class=\"tb-image-part\">\n\t\t\t\t\t<figure>\n\t\t\t\t\t\t<img src='https:\/\/tct.travelblox.eu\/wp-content\/uploads\/sites\/51\/2023\/10\/TCT23_Stijn-Veldhuizen-121-768x512.jpg' width='768' height='512' alt='Zwei gl\u00fcckliche Freunde machen die Kanu-Tour in Schweden.' loading='lazy' image_size='medium_large'>\t\t\t\t\t\t\t\t\t\t\t\t\t\t\t\t\t\t\t\t\t\t\t\t\t\t\t\t\t\t\t<\/figure>\n\t\t\t\t<\/div>\n\t\t\t<\/div>\n\t\t\t\t\t<div class=\"entry\">\n\t\t\t\t<div class=\"tb-image-part\">\n\t\t\t\t\t<figure>\n\t\t\t\t\t\t<img src='https:\/\/tct.travelblox.eu\/wp-content\/uploads\/sites\/51\/2024\/10\/TCT24_AxelCoquemon_WEB-28-1-768x575.jpg' width='768' height='575' alt='Drohnenaufnahme von Dalsland' loading='lazy' image_size='medium_large'>\t\t\t\t\t\t\t\t\t\t\t\t\t\t\t\t\t\t\t\t\t\t\t\t\t\t\t\t<figcaption class=\"tb-figcaption\">default<\/figcaption>\n\t\t\t\t\t\t\t\t\t\t\t\t\t\t\t\t\t\t<\/figure>\n\t\t\t\t<\/div>\n\t\t\t<\/div>\n\t\t\t\t\t<div class=\"entry\">\n\t\t\t\t<div class=\"tb-image-part\">\n\t\t\t\t\t<figure>\n\t\t\t\t\t\t<img src='https:\/\/tct.travelblox.eu\/wp-content\/uploads\/sites\/51\/2023\/10\/TCT_2023_Francois_LR-212-e1698067433549-768x607.jpg' width='768' height='607' alt='Ranger' loading='lazy' image_size='medium_large'>\t\t\t\t\t\t\t\t\t\t\t\t\t\t\t\t\t\t\t\t\t\t\t\t\t\t\t\t\t\t\t<\/figure>\n\t\t\t\t<\/div>\n\t\t\t<\/div>\n\t\t\t\t\t\t\t\t<\/div>\n\t\t\t\t\t\t<div class=\"tb-carousel-nav\">\n\t\t\t<div class=\"dots\">\n\t\t\t\t<div class=\"dot active\"><\/div>\n\t\t\t\t<div class=\"dot\"><\/div>\n\t\t\t\t<div class=\"dot\"><\/div>\n\t\t\t<\/div>\n\t\t\t<div class=\"arrows\">\n\t\t\t\t<div class=\"prev disabled\">\n\t\t\t\t\t<span><i class=\"fa fa-chevron-left\"><\/i><\/span>\n\t\t\t\t<\/div>\n\t\t\t\t<div class=\"next\">\n\t\t\t\t\t<span><i class=\"fa fa-chevron-right\"><\/i><\/span>\n\t\t\t\t<\/div>\n\t\t\t<\/div>\n\t\t<\/div>\n\t\t\t\t<\/div>\n\t\t<\/div>\n\t\t\t\t\t\t\t\t<\/div>\n\t\t\t\t\t\t\t\t\t\t\t\t<\/div>\n\t\t<\/div>\n\t<\/div>\n<\/div>\n\n\n<div class=\"tb-team tb-block align-center background-dark pattern-default variant-none tb-collapsible-margins\" id=\"team\">\n\t<div class=\"inner-block tb-fade-in tb-fade-in--subtle\">\n\t\t<div class=\"text-part\">\n\t\t\t<h2>Das Kanu Trip Team<\/h2>\n\t\t\t\t\t<div class=\"translation-block\"><p>Unser Team besteht aus vier Outdoor-Fanatikern, die sich f\u00fcr Sport und Naturreisen begeistern. Gemeinsam mit unseren lokalen Partnern in Schweden arbeiten wir das ganze Jahr \u00fcber am Kanu Trip. Auf diese Weise k\u00f6nnen wir dir ein einzigartiges Reiseerlebnis bieten, das dir hoffentlich ein Leben lang in Erinnerung bleiben wird.<\/p><\/div>\n\t\t\t<\/div>\n\t<\/div>\n\t\t\t\t\t<div class=\"inner-block-full-width has-tb-carousel\" >\n\t\t\t<div class=\"tb-carousel-container\">\n\t\t\t\t<div class=\"entries tb-cards\" data-slider-first=\"1\">\n\t\t\t\t\t\t\t\t\t<div class=\"tb-card entry\" style=\"background-image: url('https:\/\/tct.travelblox.eu\/wp-content\/uploads\/sites\/51\/2023\/10\/DSC07847-e1697791715283-839x1024.jpg')\">\n\t\t\t\t<label for=\"tb-team-read-more-block_s51__p77__team-0\" class=\"tb-team__card-label\">\n\t\t\t\t\t<div class=\"overlay\"><\/div>\n\t\t\t\t\t<div class=\"overlay overlay--extra\"><\/div>\n\t\t\t\t\t<div class=\"content\">\n\t\t\t\t\t\t<div class=\"tb-team__card-titles\">\n\t\t\t\t\t\t\t<h3>Kerstin<\/h3>\n\t\t\t\t\t\t\t\t\t\t\t\t\t\t\t<p>k\u00fcmmert sich um alle praktischen Angelegenheiten deiner Reise<\/p>\n\t\t\t\t\t\t\t\t\t\t\t\t\t<\/div>\n\t\t\t\t\t\t\t\t\t\t\t\t\t<div class=\"extra-content\">\n\t\t\t\t\t\t\t\t<p>In der Natur f\u00fchle ich mich zuhause. Du triffst mich auf dem Wasser oder in den Bergen. Im Sommer bin ich im Kanu, auf einem Surfboard oder beim Wandern in den Bergen unterwegs. Im Winter sausen ich die Pisten mit meinem Snowboard hinunter.<\/p>\n\t\t\t\t\t\t\t<\/div>\n\t\t\t\t\t\t\t\t\t\t\t<\/div>\n\t\t\t\t\t<input type=\"checkbox\" class=\"tb-team__card-checkbox\" id=\"tb-team-read-more-block_s51__p77__team-0\">\n\t\t\t\t<\/label>\n\t\t\t<\/div>\n\t\t\t\t\t<div class=\"tb-card entry\" style=\"background-image: url('https:\/\/tct.travelblox.eu\/wp-content\/uploads\/sites\/51\/2024\/11\/ThomasD-scaled-e1733151947223-1024x998.jpg')\">\n\t\t\t\t<label for=\"tb-team-read-more-block_s51__p77__team-1\" class=\"tb-team__card-label\">\n\t\t\t\t\t<div class=\"overlay\"><\/div>\n\t\t\t\t\t<div class=\"overlay overlay--extra\"><\/div>\n\t\t\t\t\t<div class=\"content\">\n\t\t\t\t\t\t<div class=\"tb-team__card-titles\">\n\t\t\t\t\t\t\t<h3>Thomas<\/h3>\n\t\t\t\t\t\t\t\t\t\t\t\t\t\t\t<p>entwickelt stetig neue Paddelabenteuer<\/p>\n\t\t\t\t\t\t\t\t\t\t\t\t\t<\/div>\n\t\t\t\t\t\t\t\t\t\t\t\t\t<div class=\"extra-content\">\n\t\t\t\t\t\t\t\t<p>Ich bin immer auf der Suche nach sch\u00f6nen Ausblicken. Gib mir eine Kamera und ich halte Erinnerungen f\u00fcr immer fest. Die Natur und sch\u00f6ne Sonnenunterg\u00e4nge sind meine Favoriten.<\/p>\n\t\t\t\t\t\t\t<\/div>\n\t\t\t\t\t\t\t\t\t\t\t<\/div>\n\t\t\t\t\t<input type=\"checkbox\" class=\"tb-team__card-checkbox\" id=\"tb-team-read-more-block_s51__p77__team-1\">\n\t\t\t\t<\/label>\n\t\t\t<\/div>\n\t\t\t\t\t<div class=\"tb-card entry\" style=\"background-image: url('https:\/\/tct.travelblox.eu\/wp-content\/uploads\/sites\/51\/2024\/11\/LucaM-scaled-e1733152070528-1016x1024.jpg')\">\n\t\t\t\t<label for=\"tb-team-read-more-block_s51__p77__team-2\" class=\"tb-team__card-label\">\n\t\t\t\t\t<div class=\"overlay\"><\/div>\n\t\t\t\t\t<div class=\"overlay overlay--extra\"><\/div>\n\t\t\t\t\t<div class=\"content\">\n\t\t\t\t\t\t<div class=\"tb-team__card-titles\">\n\t\t\t\t\t\t\t<h3>Luca<\/h3>\n\t\t\t\t\t\t\t\t\t\t\t\t\t\t\t<p>Er k\u00fcmmert sich unser Basecamp Outpost North<\/p>\n\t\t\t\t\t\t\t\t\t\t\t\t\t<\/div>\n\t\t\t\t\t\t\t\t\t\t\t\t\t<div class=\"extra-content\">\n\t\t\t\t\t\t\t\t<p>In Schweden, meinem Heimatland, genie\u00dfe ich die Freiheit und die Natur. Beim Mountainbiken, Klettern oder Wandern halte ich mit meiner Kamera die Sch\u00f6nheit der Landschaft fest.<\/p>\n\t\t\t\t\t\t\t<\/div>\n\t\t\t\t\t\t\t\t\t\t\t<\/div>\n\t\t\t\t\t<input type=\"checkbox\" class=\"tb-team__card-checkbox\" id=\"tb-team-read-more-block_s51__p77__team-2\">\n\t\t\t\t<\/label>\n\t\t\t<\/div>\n\t\t\t\t\t<div class=\"tb-card entry\" style=\"background-image: url('https:\/\/tct.travelblox.eu\/wp-content\/uploads\/sites\/51\/2024\/11\/TessaV_1-scaled-e1733151970616-1024x996.jpg')\">\n\t\t\t\t<label for=\"tb-team-read-more-block_s51__p77__team-3\" class=\"tb-team__card-label\">\n\t\t\t\t\t<div class=\"overlay\"><\/div>\n\t\t\t\t\t<div class=\"overlay overlay--extra\"><\/div>\n\t\t\t\t\t<div class=\"content\">\n\t\t\t\t\t\t<div class=\"tb-team__card-titles\">\n\t\t\t\t\t\t\t<h3>Tessa<\/h3>\n\t\t\t\t\t\t\t\t\t\t\t\t\t\t\t<p>steht bereit, um all deine Fragen zu beantworten<\/p>\n\t\t\t\t\t\t\t\t\t\t\t\t\t<\/div>\n\t\t\t\t\t\t\t\t\t\t\t\t\t<div class=\"extra-content\">\n\t\t\t\t\t\t\t\t<p>Wenn du mich suchst, bin ich drau\u00dfen! Sobald es m\u00f6glich ist, ziehe ich meine Wanderschuhe an und gehe auf Entdeckungstour. Ein Zelt ist mein 5*-Hotel. Am knisternden Lagerfeuer komme ich so richtig zur Ruhe.<\/p>\n\t\t\t\t\t\t\t<\/div>\n\t\t\t\t\t\t\t\t\t\t\t<\/div>\n\t\t\t\t\t<input type=\"checkbox\" class=\"tb-team__card-checkbox\" id=\"tb-team-read-more-block_s51__p77__team-3\">\n\t\t\t\t<\/label>\n\t\t\t<\/div>\n\t\t\t\t\t<div class=\"tb-card entry\" style=\"background-image: url('https:\/\/tct.travelblox.eu\/wp-content\/uploads\/sites\/51\/2024\/10\/349A0082_1_11zon-scaled-e1733152022252-1024x872.jpg')\">\n\t\t\t\t<label for=\"tb-team-read-more-block_s51__p77__team-4\" class=\"tb-team__card-label\">\n\t\t\t\t\t<div class=\"overlay\"><\/div>\n\t\t\t\t\t<div class=\"overlay overlay--extra\"><\/div>\n\t\t\t\t\t<div class=\"content\">\n\t\t\t\t\t\t<div class=\"tb-team__card-titles\">\n\t\t\t\t\t\t\t<h3>Julian<\/h3>\n\t\t\t\t\t\t\t\t\t\t\t\t\t\t\t<p>bietet die besten Ranger in Schweden<\/p>\n\t\t\t\t\t\t\t\t\t\t\t\t\t<\/div>\n\t\t\t\t\t\t\t\t\t\t\t\t\t<div class=\"extra-content\">\n\t\t\t\t\t\t\t\t<p>Ich bin oft in Schweden zu finden, meinem Lieblingsland. Wusstest du, dass ich selbst auch Ranger f\u00fcr The Canoe Trip war? Paddeln ist meine Leidenschaft und ich bin immer auf der Suche nach neuen Abenteuern.<\/p>\n\t\t\t\t\t\t\t<\/div>\n\t\t\t\t\t\t\t\t\t\t\t<\/div>\n\t\t\t\t\t<input type=\"checkbox\" class=\"tb-team__card-checkbox\" id=\"tb-team-read-more-block_s51__p77__team-4\">\n\t\t\t\t<\/label>\n\t\t\t<\/div>\n\t\t\t\t\t\t\t\t<\/div>\n\t\t\t\t\t\t<div class=\"tb-carousel-nav\">\n\t\t\t<div class=\"dots\">\n\t\t\t\t<div class=\"dot active\"><\/div>\n\t\t\t\t<div class=\"dot\"><\/div>\n\t\t\t\t<div class=\"dot\"><\/div>\n\t\t\t<\/div>\n\t\t\t<div class=\"arrows\">\n\t\t\t\t<div class=\"prev disabled\">\n\t\t\t\t\t<span><i class=\"fa fa-chevron-left\"><\/i><\/span>\n\t\t\t\t<\/div>\n\t\t\t\t<div class=\"next\">\n\t\t\t\t\t<span><i class=\"fa fa-chevron-right\"><\/i><\/span>\n\t\t\t\t<\/div>\n\t\t\t<\/div>\n\t\t<\/div>\n\t\t\t\t<\/div>\n\t\t<\/div>\n\t\t\t\t\t<div class=\"tb-team__extra inner-block tb-fade-in tb-fade-in--subtle\">\n\t\t\t<div class=\"text-part\">\n\t\t\t\t<h3>Eine Frage zu deiner Reise?<\/h3>\n\t\t\t\t\t\t<div class=\"translation-block\"><p>Schicke uns einfach eine E-Mail, wir helfen dir gerne weiter!<\/p><\/div>\n\t\t\t\t\t<div class=\"tb-buttons-part\">\n\t\t\t\t\t\t\t<a href=\"mailto:info@derkanutrip.de\"  target=\"_blank\" class=\"tb-button\">\n\t\t\tWie m\u00f6chtest du deine Reise gestalten?\t\t<\/a>\n\t\t\t\t\t\t<\/div>\n\t\t\t<\/div>\n\t\t<\/div>\n\t<\/div>\n\n\n<div class=\"tb-leadtext tb-block align-center background-light pattern-none variant-none tb-collapsible-margins\" id=\"leadtext\">\n\t<div class=\"inner-block tb-fade-in tb-fade-in--subtle\">\n\t\t<div class=\"text-part\">\n\t\t\t\t\t<div class=\"translation-block\"><p>Der Kanu Trip ist ein Konzept von <a href=\"https:\/\/travelbase.de\/de\/landing\" target=\"_blank\"><strong>Travelbase<\/strong><\/a>, ein wachsendes Reiseunternehmen mit mehr als <strong>20 einzigartigen Reisemarken und<\/strong> <a href=\"https:\/\/travelbase.de\/de\/trips\" target=\"_blank\"><strong>Communities<\/strong><\/a>. Seit 2010 konzipieren wir einmalige Aktivreiseerlebnisse, haupts\u00e4chlich in Europa.<\/p><p>Bei Travelbase liegt der Schwerpunkt immer mehr auf der \"Reise\" als auf dem Ziel. Wir m\u00f6chten dich aus deiner Komfortzone herausholen, um deine Grenzen zu erweitern und mit der Natur und den Menschen um dich herum in Kontakt zu treten.<\/p><\/div>\n\t\t\t<\/div>\n\t<\/div>\n<\/div>\n\n\n\n\n\n\n<div class=\"tb-similartrips tb-block align-center background-light pattern-none variant-none tb-collapsible-margins\" id=\"similartrips\">\n\t\t\t<div class=\"inner-block tb-fade-in tb-fade-in--subtle\">\n\t\t\t<div class=\"text-part\">\n\t\t\t\t\t\t\t\t\t<h2>Entdecken weitere Reisekonzepte<\/h2>\n\t\t\t\t\t\t\t\t\t\t\t<\/div>\n\t\t<\/div>\n\t\t\t\t\t\t<div class=\"inner-block-full-width has-tb-carousel\" >\n\t\t\t<div class=\"tb-carousel-container\">\n\t\t\t\t<div class=\"entries tb-cards\" data-slider-first=\"1\">\n\t\t\t\t\t\t\t\t\t<a href=\"https:\/\/derpackrafttrail.de\/de\/prt23-slov\"  target=\"_blank\" class=\"tb-card entry\">\n\t\t\t\t<div class=\"tb-image-part\">\n\t\t\t\t\t\t\t\t\t\t\t<img src='https:\/\/tct.travelblox.eu\/wp-content\/uploads\/sites\/51\/2023\/12\/Packraft-Trail-10-scaled-e1701772197341-768x835.jpg' width='768' height='835' alt='Packraft-Trail in den Ardennen' loading='lazy' image_size='medium_large'>\t\t\t\t\t\t\t\t\t\t\t\t\t\t\t\t\t\t\t\t\t\t\t\t<\/div>\n\t\t\t\t<div class=\"tb-card-content\">\n\t\t\t\t\t<h4>\n\t\t\t\t\t\t<span>Der Packraft Trail<\/span>\n\t\t\t\t\t\t\t\t\t\t\t<\/h4>\n\t\t\t\t\t\t\t\t\t\t\t<div class=\"line\">\n\t\t\t\t\t\t\t\t\t\t\t\t\t\t\t<span class=\"location tb-text-with-icon icon-first\">\n\t\t\t\t\t\t\t\t\t<i class=\"icon fa fa-map-marker\"><\/i>\n\t\t\t\t\t\t\t\t\t<span>Frankreich<\/span>\n\t\t\t\t\t\t\t\t<\/span>\n\t\t\t\t\t\t\t\t\t\t\t\t\t\t\t\t\t\t\t\t\t\t<span class=\"duration tb-text-with-icon icon-first\">\n\t\t\t\t\t\t\t\t\t<i class=\"icon fa fa-clock\"><\/i>\n\t\t\t\t\t\t\t\t\t<span>8 Tage<\/span>\n\t\t\t\t\t\t\t\t<\/span>\n\t\t\t\t\t\t\t\t\t\t\t\t\t<\/div>\n\t\t\t\t\t\t\t\t\t\t\t\t\t\t<\/div>\n\t\t\t<\/a>\n\t\t\t\t\t<a href=\"https:\/\/travelbase.eu\/trip\/kayak-trip-noorwegen\/\"  target=\"_blank\" class=\"tb-card entry\">\n\t\t\t\t<div class=\"tb-image-part\">\n\t\t\t\t\t\t\t\t\t\t\t<img src='https:\/\/tct.travelblox.eu\/wp-content\/uploads\/sites\/51\/2025\/06\/TKT23_MICHIELANNAERT_HR-98-2-768x512.jpg' width='768' height='512' alt='die Kajaktour' loading='lazy' image_size='medium_large'>\t\t\t\t\t\t\t\t\t\t\t\t\t\t\t\t\t\t\t\t\t\t\t\t<\/div>\n\t\t\t\t<div class=\"tb-card-content\">\n\t\t\t\t\t<h4>\n\t\t\t\t\t\t<span>Der Kayak Trip<\/span>\n\t\t\t\t\t\t\t\t\t\t\t<\/h4>\n\t\t\t\t\t\t\t\t\t\t\t<div class=\"line\">\n\t\t\t\t\t\t\t\t\t\t\t\t\t\t\t<span class=\"location tb-text-with-icon icon-first\">\n\t\t\t\t\t\t\t\t\t<i class=\"icon fa fa-map-marker\"><\/i>\n\t\t\t\t\t\t\t\t\t<span>Island<\/span>\n\t\t\t\t\t\t\t\t<\/span>\n\t\t\t\t\t\t\t\t\t\t\t\t\t\t\t\t\t\t\t\t\t\t<span class=\"duration tb-text-with-icon icon-first\">\n\t\t\t\t\t\t\t\t\t<i class=\"icon fa fa-clock\"><\/i>\n\t\t\t\t\t\t\t\t\t<span>8 Tage<\/span>\n\t\t\t\t\t\t\t\t<\/span>\n\t\t\t\t\t\t\t\t\t\t\t\t\t<\/div>\n\t\t\t\t\t\t\t\t\t\t\t\t\t\t<\/div>\n\t\t\t<\/a>\n\t\t\t\t\t<a href=\"https:\/\/nordicnomads.org\/de\/iceland\/\"  target=\"_blank\" class=\"tb-card entry\">\n\t\t\t\t<div class=\"tb-image-part\">\n\t\t\t\t\t\t\t\t\t\t\t<img src='https:\/\/tct.travelblox.eu\/wp-content\/uploads\/sites\/51\/2025\/06\/noo-768x575-1.jpg' width='768' height='575' alt='iceland nomads' loading='lazy' image_size='medium_large'>\t\t\t\t\t\t\t\t\t\t\t\t\t\t\t\t\t\t\t\t\t\t\t\t<\/div>\n\t\t\t\t<div class=\"tb-card-content\">\n\t\t\t\t\t<h4>\n\t\t\t\t\t\t<span>Nordic Nomads<\/span>\n\t\t\t\t\t\t\t\t\t\t\t<\/h4>\n\t\t\t\t\t\t\t\t\t\t\t<div class=\"line\">\n\t\t\t\t\t\t\t\t\t\t\t\t\t\t\t<span class=\"location tb-text-with-icon icon-first\">\n\t\t\t\t\t\t\t\t\t<i class=\"icon fa fa-map-marker\"><\/i>\n\t\t\t\t\t\t\t\t\t<span>Iceland<\/span>\n\t\t\t\t\t\t\t\t<\/span>\n\t\t\t\t\t\t\t\t\t\t\t\t\t\t\t\t\t\t\t\t\t\t<span class=\"duration tb-text-with-icon icon-first\">\n\t\t\t\t\t\t\t\t\t<i class=\"icon fa fa-clock\"><\/i>\n\t\t\t\t\t\t\t\t\t<span>8 Tage<\/span>\n\t\t\t\t\t\t\t\t<\/span>\n\t\t\t\t\t\t\t\t\t\t\t\t\t<\/div>\n\t\t\t\t\t\t\t\t\t\t\t\t\t\t<\/div>\n\t\t\t<\/a>\n\t\t\t\t\t\t\t\t<\/div>\n\t\t\t\t\t\t<div class=\"tb-carousel-nav\">\n\t\t\t<div class=\"dots\">\n\t\t\t\t<div class=\"dot active\"><\/div>\n\t\t\t\t<div class=\"dot\"><\/div>\n\t\t\t\t<div class=\"dot\"><\/div>\n\t\t\t<\/div>\n\t\t\t<div class=\"arrows\">\n\t\t\t\t<div class=\"prev disabled\">\n\t\t\t\t\t<span><i class=\"fa fa-chevron-left\"><\/i><\/span>\n\t\t\t\t<\/div>\n\t\t\t\t<div class=\"next\">\n\t\t\t\t\t<span><i class=\"fa fa-chevron-right\"><\/i><\/span>\n\t\t\t\t<\/div>\n\t\t\t<\/div>\n\t\t<\/div>\n\t\t\t\t<\/div>\n\t\t<\/div>\n\t\t\t<\/div>","protected":false},"excerpt":{"rendered":"","protected":false},"author":15,"featured_media":439,"parent":0,"menu_order":0,"comment_status":"closed","ping_status":"closed","template":"","meta":{"_acf_changed":false,"inline_featured_image":false,"footnotes":""},"class_list":["post-77","page","type-page","status-publish","has-post-thumbnail","hentry"],"acf":{"page_package_ids":"","is_main_package_page":false,"additional_linked_packages":[],"feed_page_to_atlas":true},"_links":{"self":[{"href":"https:\/\/tct.travelblox.eu\/de\/wp-json\/wp\/v2\/pages\/77","targetHints":{"allow":["GET"]}}],"collection":[{"href":"https:\/\/tct.travelblox.eu\/de\/wp-json\/wp\/v2\/pages"}],"about":[{"href":"https:\/\/tct.travelblox.eu\/de\/wp-json\/wp\/v2\/types\/page"}],"author":[{"embeddable":true,"href":"https:\/\/tct.travelblox.eu\/de\/wp-json\/wp\/v2\/users\/15"}],"replies":[{"embeddable":true,"href":"https:\/\/tct.travelblox.eu\/de\/wp-json\/wp\/v2\/comments?post=77"}],"version-history":[{"count":51,"href":"https:\/\/tct.travelblox.eu\/de\/wp-json\/wp\/v2\/pages\/77\/revisions"}],"predecessor-version":[{"id":5074,"href":"https:\/\/tct.travelblox.eu\/de\/wp-json\/wp\/v2\/pages\/77\/revisions\/5074"}],"wp:featuredmedia":[{"embeddable":true,"href":"https:\/\/tct.travelblox.eu\/de\/wp-json\/wp\/v2\/media\/439"}],"wp:attachment":[{"href":"https:\/\/tct.travelblox.eu\/de\/wp-json\/wp\/v2\/media?parent=77"}],"curies":[{"name":"wp","href":"https:\/\/api.w.org\/{rel}","templated":true}]}}